{"id":8,"date":"2021-09-13T15:34:03","date_gmt":"2021-09-13T20:34:03","guid":{"rendered":"https:\/\/ausjal.diseno.ibero.mx\/?page_id=8"},"modified":"2022-07-15T08:48:32","modified_gmt":"2022-07-15T13:48:32","slug":"home","status":"publish","type":"page","link":"https:\/\/ausjal.diseno.ibero.mx\/index.php\/red-de-escuelas-de-diseno-ausjal\/home-2\/home\/","title":{"rendered":"IX Encuentro de Escuelas de Dise\u00f1o AUSJAL"},"content":{"rendered":"<style>\/*! elementor - v3.6.6 - 08-06-2022 *\/<br \/>\n.elementor-widget-image{text-align:center}.elementor-widget-image a{display:inline-block}.elementor-widget-image a img[src$=\".svg\"]{width:48px}.elementor-widget-image img{vertical-align:middle;display:inline-block}<\/style>\n<p>\t\t\t\t\t\t\t\t\t\t\t\t<img decoding=\"async\" src=\"https:\/\/ausjal.diseno.ibero.mx\/wp-content\/uploads\/2021\/09\/Logo-Disen\u0303o-AUSJAL.jpg\" title=\"\" alt=\"\"><\/p>\n<style>\/*! elementor - v3.6.6 - 08-06-2022 *\/<br \/>\n.elementor-heading-title{padding:0;margin:0;line-height:1}.elementor-widget-heading .elementor-heading-title[class*=elementor-size-]>a{color:inherit;font-size:inherit;line-height:inherit}.elementor-widget-heading .elementor-heading-title.elementor-size-small{font-size:15px}.elementor-widget-heading .elementor-heading-title.elementor-size-medium{font-size:19px}.elementor-widget-heading .elementor-heading-title.elementor-size-large{font-size:29px}.elementor-widget-heading .elementor-heading-title.elementor-size-xl{font-size:39px}.elementor-widget-heading .elementor-heading-title.elementor-size-xxl{font-size:59px}<\/style>\n<h1>IX Encuentro de la Red de Escuelas de Dise\u00f1o AUSJAL<br \/>\n30 de septiembre de 2021<\/h1>\n<p>Los asistentes presentaron los principales proyectos que por cada instituci\u00f3n atienden la tem\u00e1tica de la red: Dise\u00f1o e Innovaci\u00f3n Social. Se revisaron los resultados obtenidos durante el a\u00f1o anterior y acordaron trabajar sobre los siguientes puntos:<\/p>\n<p><strong>Propuesta de formalizaci\u00f3n de la Red de Dise\u00f1o e Innovaci\u00f3n Social ante AUSJAL:<\/strong> para lo cual se revisar\u00e1 la nueva planeaci\u00f3n estrat\u00e9gica de AUSJAL y seguir\u00e1 ampli\u00e1ndose la convocatoria a otras instituciones.<\/p>\n<p><strong>Promoci\u00f3n del intercambio acad\u00e9mico:<\/strong> a trav\u00e9s de la realizaci\u00f3n de proyectos de dise\u00f1o social entre instituciones, seg\u00fan las siguientes \u00e1reas:<\/p>\n<ul>\n<li>Desarrollo y producci\u00f3n<\/li>\n<li>Activismo y compromiso<\/li>\n<li>Cultura y narrativas<\/li>\n<li>Ense\u00f1anza universitaria<\/li>\n<\/ul>\n<p>Las acciones propuetas para el siguiente a\u00f1o se asentaron en el acta de reuni\u00f3n, avalada por los representantes de cada instituci\u00f3n.<\/p>\n<p>El VII Encuentro de Hom\u00f3logos de Dise\u00f1o de la Red AUSJAL en el 2019, ser\u00e1 realizado en la Universidad Iberoamericana Ciudad de M\u00e9xico, en el marco del 8vo. Congreso Internacional de Dise\u00f1o MX Design Conference.<\/p>\n<style>\/*! elementor - v3.6.6 - 08-06-2022 *\/<br \/>\n.elementor-widget-divider{--divider-border-style:none;--divider-border-width:1px;--divider-color:#2c2c2c;--divider-icon-size:20px;--divider-element-spacing:10px;--divider-pattern-height:24px;--divider-pattern-size:20px;--divider-pattern-url:none;--divider-pattern-repeat:repeat-x}.elementor-widget-divider .elementor-divider{display:-webkit-box;display:-ms-flexbox;display:flex}.elementor-widget-divider .elementor-divider__text{font-size:15px;line-height:1;max-width:95%}.elementor-widget-divider .elementor-divider__element{margin:0 var(--divider-element-spacing);-ms-flex-negative:0;flex-shrink:0}.elementor-widget-divider .elementor-icon{font-size:var(--divider-icon-size)}.elementor-widget-divider .elementor-divider-separator{display:-webkit-box;display:-ms-flexbox;display:flex;margin:0;direction:ltr}.elementor-widget-divider--view-line_icon .elementor-divider-separator,.elementor-widget-divider--view-line_text .elementor-divider-separator{-webkit-box-align:center;-ms-flex-align:center;align-items:center}.elementor-widget-divider--view-line_icon .elementor-divider-separator:after,.elementor-widget-divider--view-line_icon .elementor-divider-separator:before,.elementor-widget-divider--view-line_text .elementor-divider-separator:after,.elementor-widget-divider--view-line_text .elementor-divider-separator:before{display:block;content:\"\";border-bottom:0;-webkit-box-flex:1;-ms-flex-positive:1;flex-grow:1;border-top:var(--divider-border-width) var(--divider-border-style) var(--divider-color)}.elementor-widget-divider--element-align-left .elementor-divider .elementor-divider-separator>.elementor-divider__svg:first-of-type{-webkit-box-flex:0;-ms-flex-positive:0;flex-grow:0;-ms-flex-negative:100;flex-shrink:100}.elementor-widget-divider--element-align-left .elementor-divider-separator:before{content:none}.elementor-widget-divider--element-align-left .elementor-divider__element{margin-left:0}.elementor-widget-divider--element-align-right .elementor-divider .elementor-divider-separator>.elementor-divider__svg:last-of-type{-webkit-box-flex:0;-ms-flex-positive:0;flex-grow:0;-ms-flex-negative:100;flex-shrink:100}.elementor-widget-divider--element-align-right .elementor-divider-separator:after{content:none}.elementor-widget-divider--element-align-right .elementor-divider__element{margin-right:0}.elementor-widget-divider:not(.elementor-widget-divider--view-line_text):not(.elementor-widget-divider--view-line_icon) .elementor-divider-separator{border-top:var(--divider-border-width) var(--divider-border-style) var(--divider-color)}.elementor-widget-divider--separator-type-pattern{--divider-border-style:none}.elementor-widget-divider--separator-type-pattern.elementor-widget-divider--view-line .elementor-divider-separator,.elementor-widget-divider--separator-type-pattern:not(.elementor-widget-divider--view-line) .elementor-divider-separator:after,.elementor-widget-divider--separator-type-pattern:not(.elementor-widget-divider--view-line) .elementor-divider-separator:before,.elementor-widget-divider--separator-type-pattern:not([class*=elementor-widget-divider--view]) .elementor-divider-separator{width:100%;min-height:var(--divider-pattern-height);-webkit-mask-size:var(--divider-pattern-size) 100%;mask-size:var(--divider-pattern-size) 100%;-webkit-mask-repeat:var(--divider-pattern-repeat);mask-repeat:var(--divider-pattern-repeat);background-color:var(--divider-color);-webkit-mask-image:var(--divider-pattern-url);mask-image:var(--divider-pattern-url)}.elementor-widget-divider--no-spacing{--divider-pattern-size:auto}.elementor-widget-divider--bg-round{--divider-pattern-repeat:round}.rtl .elementor-widget-divider .elementor-divider__text{direction:rtl}<\/style>\n<h5>Encuentros anteriores<\/h5>\n<p><a href=\"http:\/\/www.dis.uia.mx\/ausjal\/\" target=\"_blank\" role=\"button\" rel=\"noopener\"><br \/>\nI Encuentro<br \/>\n<\/a><br \/>\n<a href=\"http:\/\/www.dis.uia.mx\/ausjal_ii\/\" target=\"_blank\" role=\"button\" rel=\"noopener\"><br \/>\nII Encuentro<br \/>\n<\/a><br \/>\n<a href=\"http:\/\/www.dis.uia.mx\/ausjal_iii\/\" target=\"_blank\" role=\"button\" rel=\"noopener\"><br \/>\nIII Encuentro<br \/>\n<\/a><br \/>\n<a href=\"http:\/\/www.dis.uia.mx\/ausjal_iv\/\" target=\"_blank\" role=\"button\" rel=\"noopener\"><br \/>\nIV Encuentro<br \/>\n<\/a><br \/>\n<a href=\"http:\/\/www.dis.uia.mx\/ausjal_v\/\" target=\"_blank\" role=\"button\" rel=\"noopener\"><br \/>\nV Encuentro<br \/>\n<\/a><br \/>\n<a href=\"http:\/\/dis.ibero.mx\/ausjal_vi\/\" target=\"_blank\" role=\"button\" rel=\"noopener\"><br \/>\nVI Encuentro<br \/>\n<\/a><\/p>\n","protected":false},"excerpt":{"rendered":"<p>IX Encuentro de la Red de Escuelas de Dise\u00f1o AUSJAL 30 de septiembre de 2021 Los asistentes presentaron los principales proyectos que por cada instituci\u00f3n atienden la tem\u00e1tica de la red: Dise\u00f1o e Innovaci\u00f3n Social. Se revisaron los resultados obtenidos durante el a\u00f1o anterior y acordaron trabajar sobre los siguientes puntos: Propuesta de formalizaci\u00f3n de&hellip;&nbsp;<a href=\"https:\/\/ausjal.diseno.ibero.mx\/index.php\/red-de-escuelas-de-diseno-ausjal\/home-2\/home\/\" rel=\"bookmark\">Leer m\u00e1s &raquo;<span class=\"screen-reader-text\">IX Encuentro de Escuelas de Dise\u00f1o AUSJAL<\/span><\/a><\/p>\n","protected":false},"author":1,"featured_media":0,"parent":222,"menu_order":0,"comment_status":"closed","ping_status":"closed","template":"elementor_theme","meta":{"neve_meta_sidebar":"","neve_meta_container":"","neve_meta_enable_content_width":"","neve_meta_content_width":0,"neve_meta_title_alignment":"","neve_meta_author_avatar":"","neve_post_elements_order":"","neve_meta_disable_header":"","neve_meta_disable_footer":"","neve_meta_disable_title":"","footnotes":""},"class_list":["post-8","page","type-page","status-publish","hentry"],"yoast_head":"<!-- This site is optimized with the Yoast SEO plugin v26.2 - https:\/\/yoast.com\/wordpress\/plugins\/seo\/ -->\n<title>IX Encuentro de Escuelas de Dise\u00f1o AUSJAL - Red de Escuelas de Dise\u00f1o AUSJAL<\/title>\n<meta name=\"robots\" content=\"index, follow, max-snippet:-1, max-image-preview:large, max-video-preview:-1\" \/>\n<link rel=\"canonical\" href=\"https:\/\/ausjal.diseno.ibero.mx\/index.php\/home-2\/home\/\" \/>\n<meta property=\"og:locale\" content=\"es_MX\" \/>\n<meta property=\"og:type\" content=\"article\" \/>\n<meta property=\"og:title\" content=\"IX Encuentro de Escuelas de Dise\u00f1o AUSJAL - Red de Escuelas de Dise\u00f1o AUSJAL\" \/>\n<meta property=\"og:description\" content=\"IX Encuentro de la Red de Escuelas de Dise\u00f1o AUSJAL 30 de septiembre de 2021 Los asistentes presentaron los principales proyectos que por cada instituci\u00f3n atienden la tem\u00e1tica de la red: Dise\u00f1o e Innovaci\u00f3n Social. Se revisaron los resultados obtenidos durante el a\u00f1o anterior y acordaron trabajar sobre los siguientes puntos: Propuesta de formalizaci\u00f3n de&hellip;&nbsp;Leer m\u00e1s &raquo;IX Encuentro de Escuelas de Dise\u00f1o AUSJAL\" \/>\n<meta property=\"og:url\" content=\"https:\/\/ausjal.diseno.ibero.mx\/index.php\/home-2\/home\/\" \/>\n<meta property=\"og:site_name\" content=\"Red de Escuelas de Dise\u00f1o AUSJAL\" \/>\n<meta property=\"article:modified_time\" content=\"2022-07-15T13:48:32+00:00\" \/>\n<meta name=\"twitter:card\" content=\"summary_large_image\" \/>\n<meta name=\"twitter:label1\" content=\"Tiempo de lectura\" \/>\n\t<meta name=\"twitter:data1\" content=\"2 minutos\" \/>\n<script type=\"application\/ld+json\" class=\"yoast-schema-graph\">{\"@context\":\"https:\/\/schema.org\",\"@graph\":[{\"@type\":\"WebPage\",\"@id\":\"https:\/\/ausjal.diseno.ibero.mx\/index.php\/home-2\/home\/\",\"url\":\"https:\/\/ausjal.diseno.ibero.mx\/index.php\/home-2\/home\/\",\"name\":\"IX Encuentro de Escuelas de Dise\u00f1o AUSJAL - Red de Escuelas de Dise\u00f1o AUSJAL\",\"isPartOf\":{\"@id\":\"https:\/\/ausjal.diseno.ibero.mx\/#website\"},\"datePublished\":\"2021-09-13T20:34:03+00:00\",\"dateModified\":\"2022-07-15T13:48:32+00:00\",\"breadcrumb\":{\"@id\":\"https:\/\/ausjal.diseno.ibero.mx\/index.php\/home-2\/home\/#breadcrumb\"},\"inLanguage\":\"es\",\"potentialAction\":[{\"@type\":\"ReadAction\",\"target\":[\"https:\/\/ausjal.diseno.ibero.mx\/index.php\/home-2\/home\/\"]}]},{\"@type\":\"BreadcrumbList\",\"@id\":\"https:\/\/ausjal.diseno.ibero.mx\/index.php\/home-2\/home\/#breadcrumb\",\"itemListElement\":[{\"@type\":\"ListItem\",\"position\":1,\"name\":\"Inicio\",\"item\":\"https:\/\/ausjal.diseno.ibero.mx\/\"},{\"@type\":\"ListItem\",\"position\":2,\"name\":\"Red de Escuelas de Dise\u00f1o AUSJAL\",\"item\":\"https:\/\/ausjal.diseno.ibero.mx\/?page_id=222\"},{\"@type\":\"ListItem\",\"position\":3,\"name\":\"IX Encuentro de Escuelas de Dise\u00f1o AUSJAL\"}]},{\"@type\":\"WebSite\",\"@id\":\"https:\/\/ausjal.diseno.ibero.mx\/#website\",\"url\":\"https:\/\/ausjal.diseno.ibero.mx\/\",\"name\":\"Red de Escuelas de Dise\u00f1o AUSJAL\",\"description\":\"Dise\u00f1o AUSJAL\",\"potentialAction\":[{\"@type\":\"SearchAction\",\"target\":{\"@type\":\"EntryPoint\",\"urlTemplate\":\"https:\/\/ausjal.diseno.ibero.mx\/?s={search_term_string}\"},\"query-input\":{\"@type\":\"PropertyValueSpecification\",\"valueRequired\":true,\"valueName\":\"search_term_string\"}}],\"inLanguage\":\"es\"}]}<\/script>\n<!-- \/ Yoast SEO plugin. -->","yoast_head_json":{"title":"IX Encuentro de Escuelas de Dise\u00f1o AUSJAL - Red de Escuelas de Dise\u00f1o AUSJAL","robots":{"index":"index","follow":"follow","max-snippet":"max-snippet:-1","max-image-preview":"max-image-preview:large","max-video-preview":"max-video-preview:-1"},"canonical":"https:\/\/ausjal.diseno.ibero.mx\/index.php\/home-2\/home\/","og_locale":"es_MX","og_type":"article","og_title":"IX Encuentro de Escuelas de Dise\u00f1o AUSJAL - Red de Escuelas de Dise\u00f1o AUSJAL","og_description":"IX Encuentro de la Red de Escuelas de Dise\u00f1o AUSJAL 30 de septiembre de 2021 Los asistentes presentaron los principales proyectos que por cada instituci\u00f3n atienden la tem\u00e1tica de la red: Dise\u00f1o e Innovaci\u00f3n Social. Se revisaron los resultados obtenidos durante el a\u00f1o anterior y acordaron trabajar sobre los siguientes puntos: Propuesta de formalizaci\u00f3n de&hellip;&nbsp;Leer m\u00e1s &raquo;IX Encuentro de Escuelas de Dise\u00f1o AUSJAL","og_url":"https:\/\/ausjal.diseno.ibero.mx\/index.php\/home-2\/home\/","og_site_name":"Red de Escuelas de Dise\u00f1o AUSJAL","article_modified_time":"2022-07-15T13:48:32+00:00","twitter_card":"summary_large_image","twitter_misc":{"Tiempo de lectura":"2 minutos"},"schema":{"@context":"https:\/\/schema.org","@graph":[{"@type":"WebPage","@id":"https:\/\/ausjal.diseno.ibero.mx\/index.php\/home-2\/home\/","url":"https:\/\/ausjal.diseno.ibero.mx\/index.php\/home-2\/home\/","name":"IX Encuentro de Escuelas de Dise\u00f1o AUSJAL - Red de Escuelas de Dise\u00f1o AUSJAL","isPartOf":{"@id":"https:\/\/ausjal.diseno.ibero.mx\/#website"},"datePublished":"2021-09-13T20:34:03+00:00","dateModified":"2022-07-15T13:48:32+00:00","breadcrumb":{"@id":"https:\/\/ausjal.diseno.ibero.mx\/index.php\/home-2\/home\/#breadcrumb"},"inLanguage":"es","potentialAction":[{"@type":"ReadAction","target":["https:\/\/ausjal.diseno.ibero.mx\/index.php\/home-2\/home\/"]}]},{"@type":"BreadcrumbList","@id":"https:\/\/ausjal.diseno.ibero.mx\/index.php\/home-2\/home\/#breadcrumb","itemListElement":[{"@type":"ListItem","position":1,"name":"Inicio","item":"https:\/\/ausjal.diseno.ibero.mx\/"},{"@type":"ListItem","position":2,"name":"Red de Escuelas de Dise\u00f1o AUSJAL","item":"https:\/\/ausjal.diseno.ibero.mx\/?page_id=222"},{"@type":"ListItem","position":3,"name":"IX Encuentro de Escuelas de Dise\u00f1o AUSJAL"}]},{"@type":"WebSite","@id":"https:\/\/ausjal.diseno.ibero.mx\/#website","url":"https:\/\/ausjal.diseno.ibero.mx\/","name":"Red de Escuelas de Dise\u00f1o AUSJAL","description":"Dise\u00f1o AUSJAL","potentialAction":[{"@type":"SearchAction","target":{"@type":"EntryPoint","urlTemplate":"https:\/\/ausjal.diseno.ibero.mx\/?s={search_term_string}"},"query-input":{"@type":"PropertyValueSpecification","valueRequired":true,"valueName":"search_term_string"}}],"inLanguage":"es"}]}},"_links":{"self":[{"href":"https:\/\/ausjal.diseno.ibero.mx\/index.php\/wp-json\/wp\/v2\/pages\/8","targetHints":{"allow":["GET"]}}],"collection":[{"href":"https:\/\/ausjal.diseno.ibero.mx\/index.php\/wp-json\/wp\/v2\/pages"}],"about":[{"href":"https:\/\/ausjal.diseno.ibero.mx\/index.php\/wp-json\/wp\/v2\/types\/page"}],"author":[{"embeddable":true,"href":"https:\/\/ausjal.diseno.ibero.mx\/index.php\/wp-json\/wp\/v2\/users\/1"}],"replies":[{"embeddable":true,"href":"https:\/\/ausjal.diseno.ibero.mx\/index.php\/wp-json\/wp\/v2\/comments?post=8"}],"version-history":[{"count":45,"href":"https:\/\/ausjal.diseno.ibero.mx\/index.php\/wp-json\/wp\/v2\/pages\/8\/revisions"}],"predecessor-version":[{"id":352,"href":"https:\/\/ausjal.diseno.ibero.mx\/index.php\/wp-json\/wp\/v2\/pages\/8\/revisions\/352"}],"up":[{"embeddable":true,"href":"https:\/\/ausjal.diseno.ibero.mx\/index.php\/wp-json\/wp\/v2\/pages\/222"}],"wp:attachment":[{"href":"https:\/\/ausjal.diseno.ibero.mx\/index.php\/wp-json\/wp\/v2\/media?parent=8"}],"curies":[{"name":"wp","href":"https:\/\/api.w.org\/{rel}","templated":true}]}}