{"id":193,"date":"2021-11-08T12:30:48","date_gmt":"2021-11-08T18:30:48","guid":{"rendered":"https:\/\/ausjal.diseno.ibero.mx\/?page_id=193"},"modified":"2022-06-24T12:04:01","modified_gmt":"2022-06-24T17:04:01","slug":"i-encuentro","status":"publish","type":"page","link":"https:\/\/ausjal.diseno.ibero.mx\/index.php\/red-de-escuelas-de-diseno-ausjal\/home-2\/i-encuentro\/","title":{"rendered":"I Encuentro"},"content":{"rendered":"\n<p>Los&nbsp;<a href=\"http:\/\/www.dis.uia.mx\/ausjal\/documentos\/directorio.pdf\">asistentes&nbsp;<\/a>presentaron los&nbsp;<a href=\"http:\/\/www.dis.uia.mx\/ausjal\/presentaciones.html\">programas de cada escuela<\/a>&nbsp;y conformaron&nbsp;<a href=\"http:\/\/www.dis.uia.mx\/ausjal\/documentos\/Resumen_ejecutivo.pdf\">comisiones&nbsp;<\/a>para realizar trabajo de colaboraci\u00f3n acad\u00e9mica. Lo anterior se asent\u00f3 en un&nbsp;<a href=\"http:\/\/www.dis.uia.mx\/ausjal\/documentos\/acuerdos_AUSJAL-1.pdf\">acta de reuni\u00f3n<\/a>, misma que firmaron los representantes de cada instituci\u00f3n. Igualmente se comparti\u00f3 un documento sobre estructura y experiencias de la red&nbsp;<a href=\"http:\/\/www.dis.uia.mx\/ausjal\/documentos\/Sinapuce.pdf\">SINAPUCE<\/a>&nbsp;en Ecuador.<\/p>\n\n\n<p>Las escuelas participantes fueron:<\/p>\n\n\n<ul class=\"wp-block-list\"><li>Departamento de Artes &amp; Design,<em>&nbsp;Pontificia Universidad Cat\u00f3lica de Rio de Janeiro, Brasil.<\/em><\/li><li>Escuela de Dise\u00f1o,&nbsp;<em>Unisinos &#8211; Universidade do Vale do Rio dos Sinos, Porto Alegre, Brasil.<\/em><\/li><li>Escuela de Dise\u00f1o,&nbsp;<em>Pontificia Universidad Cat\u00f3lica del Ecuador, Sede Ibarra.<\/em><\/li><li>Facultad de Arquitectura y Dise\u00f1o,<em>&nbsp;Pontificia Universidad Javeriana Bogot\u00e1, Colombia<\/em>.<\/li><li>Carrera Dise\u00f1o de Comunicaci\u00f3n Visual,<em>&nbsp;Pontificia Universidad Javeriana Cali, Colombia.<\/em><\/li><li>Carrera de Arquitectura,&nbsp;<em>Universidad Centroamericana Jos\u00e9 Sime\u00f3n Ca\u00f1as, El Salvador.<\/em><\/li><li>Facultad de Arquitectura y Dise\u00f1o,&nbsp;<em>Universidad Rafael Land\u00edvar, Guatemala<\/em>.<\/li><li>Licenciatura en Dise\u00f1o Gr\u00e1fico,&nbsp;<em>Universidad Loyola del Pac\u00edfico, Acapulco, M\u00e9xico.<\/em><\/li><li>Departamento de Arte, Dise\u00f1o y Arquitectura,&nbsp;<em>Universidad Iberoamericana Puebla, M\u00e9xico.<\/em><\/li><li>Departamento de Dise\u00f1o,&nbsp;<em>Universidad Iberoamericana, Ciudad de M\u00e9xico.<\/em><\/li><\/ul>\n","protected":false},"excerpt":{"rendered":"<p>Los&nbsp;asistentes&nbsp;presentaron los&nbsp;programas de cada escuela&nbsp;y conformaron&nbsp;comisiones&nbsp;para realizar trabajo de colaboraci\u00f3n acad\u00e9mica. Lo anterior se asent\u00f3 en un&nbsp;acta de reuni\u00f3n, misma que firmaron los representantes de cada instituci\u00f3n. Igualmente se comparti\u00f3 un documento sobre estructura y experiencias de la red&nbsp;SINAPUCE&nbsp;en Ecuador. Las escuelas participantes fueron: Departamento de Artes &amp; Design,&nbsp;Pontificia Universidad Cat\u00f3lica de Rio de Janeiro,&hellip;&nbsp;<a href=\"https:\/\/ausjal.diseno.ibero.mx\/index.php\/red-de-escuelas-de-diseno-ausjal\/home-2\/i-encuentro\/\" rel=\"bookmark\">Leer m\u00e1s &raquo;<span class=\"screen-reader-text\">I Encuentro<\/span><\/a><\/p>\n","protected":false},"author":1,"featured_media":0,"parent":222,"menu_order":0,"comment_status":"closed","ping_status":"closed","template":"","meta":{"neve_meta_sidebar":"","neve_meta_container":"","neve_meta_enable_content_width":"","neve_meta_content_width":0,"neve_meta_title_alignment":"","neve_meta_author_avatar":"","neve_post_elements_order":"","neve_meta_disable_header":"","neve_meta_disable_footer":"","neve_meta_disable_title":"","footnotes":""},"class_list":["post-193","page","type-page","status-publish","hentry"],"yoast_head":"<!-- This site is optimized with the Yoast SEO plugin v26.2 - https:\/\/yoast.com\/wordpress\/plugins\/seo\/ -->\n<title>I Encuentro - Red de Escuelas de Dise\u00f1o AUSJAL<\/title>\n<meta name=\"robots\" content=\"index, follow, max-snippet:-1, max-image-preview:large, max-video-preview:-1\" \/>\n<link rel=\"canonical\" href=\"https:\/\/ausjal.diseno.ibero.mx\/index.php\/home-2\/i-encuentro\/\" \/>\n<meta property=\"og:locale\" content=\"es_MX\" \/>\n<meta property=\"og:type\" content=\"article\" \/>\n<meta property=\"og:title\" content=\"I Encuentro - Red de Escuelas de Dise\u00f1o AUSJAL\" \/>\n<meta property=\"og:description\" content=\"Los&nbsp;asistentes&nbsp;presentaron los&nbsp;programas de cada escuela&nbsp;y conformaron&nbsp;comisiones&nbsp;para realizar trabajo de colaboraci\u00f3n acad\u00e9mica. Lo anterior se asent\u00f3 en un&nbsp;acta de reuni\u00f3n, misma que firmaron los representantes de cada instituci\u00f3n. Igualmente se comparti\u00f3 un documento sobre estructura y experiencias de la red&nbsp;SINAPUCE&nbsp;en Ecuador. Las escuelas participantes fueron: Departamento de Artes &amp; Design,&nbsp;Pontificia Universidad Cat\u00f3lica de Rio de Janeiro,&hellip;&nbsp;Leer m\u00e1s &raquo;I Encuentro\" \/>\n<meta property=\"og:url\" content=\"https:\/\/ausjal.diseno.ibero.mx\/index.php\/home-2\/i-encuentro\/\" \/>\n<meta property=\"og:site_name\" content=\"Red de Escuelas de Dise\u00f1o AUSJAL\" \/>\n<meta property=\"article:modified_time\" content=\"2022-06-24T17:04:01+00:00\" \/>\n<meta name=\"twitter:card\" content=\"summary_large_image\" \/>\n<meta name=\"twitter:label1\" content=\"Tiempo de lectura\" \/>\n\t<meta name=\"twitter:data1\" content=\"1 minuto\" \/>\n<script type=\"application\/ld+json\" class=\"yoast-schema-graph\">{\"@context\":\"https:\/\/schema.org\",\"@graph\":[{\"@type\":\"WebPage\",\"@id\":\"https:\/\/ausjal.diseno.ibero.mx\/index.php\/home-2\/i-encuentro\/\",\"url\":\"https:\/\/ausjal.diseno.ibero.mx\/index.php\/home-2\/i-encuentro\/\",\"name\":\"I Encuentro - Red de Escuelas de Dise\u00f1o AUSJAL\",\"isPartOf\":{\"@id\":\"https:\/\/ausjal.diseno.ibero.mx\/#website\"},\"datePublished\":\"2021-11-08T18:30:48+00:00\",\"dateModified\":\"2022-06-24T17:04:01+00:00\",\"breadcrumb\":{\"@id\":\"https:\/\/ausjal.diseno.ibero.mx\/index.php\/home-2\/i-encuentro\/#breadcrumb\"},\"inLanguage\":\"es\",\"potentialAction\":[{\"@type\":\"ReadAction\",\"target\":[\"https:\/\/ausjal.diseno.ibero.mx\/index.php\/home-2\/i-encuentro\/\"]}]},{\"@type\":\"BreadcrumbList\",\"@id\":\"https:\/\/ausjal.diseno.ibero.mx\/index.php\/home-2\/i-encuentro\/#breadcrumb\",\"itemListElement\":[{\"@type\":\"ListItem\",\"position\":1,\"name\":\"Inicio\",\"item\":\"https:\/\/ausjal.diseno.ibero.mx\/\"},{\"@type\":\"ListItem\",\"position\":2,\"name\":\"Red de Escuelas de Dise\u00f1o AUSJAL\",\"item\":\"https:\/\/ausjal.diseno.ibero.mx\/?page_id=222\"},{\"@type\":\"ListItem\",\"position\":3,\"name\":\"I Encuentro\"}]},{\"@type\":\"WebSite\",\"@id\":\"https:\/\/ausjal.diseno.ibero.mx\/#website\",\"url\":\"https:\/\/ausjal.diseno.ibero.mx\/\",\"name\":\"Red de Escuelas de Dise\u00f1o AUSJAL\",\"description\":\"Dise\u00f1o AUSJAL\",\"potentialAction\":[{\"@type\":\"SearchAction\",\"target\":{\"@type\":\"EntryPoint\",\"urlTemplate\":\"https:\/\/ausjal.diseno.ibero.mx\/?s={search_term_string}\"},\"query-input\":{\"@type\":\"PropertyValueSpecification\",\"valueRequired\":true,\"valueName\":\"search_term_string\"}}],\"inLanguage\":\"es\"}]}<\/script>\n<!-- \/ Yoast SEO plugin. -->","yoast_head_json":{"title":"I Encuentro - Red de Escuelas de Dise\u00f1o AUSJAL","robots":{"index":"index","follow":"follow","max-snippet":"max-snippet:-1","max-image-preview":"max-image-preview:large","max-video-preview":"max-video-preview:-1"},"canonical":"https:\/\/ausjal.diseno.ibero.mx\/index.php\/home-2\/i-encuentro\/","og_locale":"es_MX","og_type":"article","og_title":"I Encuentro - Red de Escuelas de Dise\u00f1o AUSJAL","og_description":"Los&nbsp;asistentes&nbsp;presentaron los&nbsp;programas de cada escuela&nbsp;y conformaron&nbsp;comisiones&nbsp;para realizar trabajo de colaboraci\u00f3n acad\u00e9mica. Lo anterior se asent\u00f3 en un&nbsp;acta de reuni\u00f3n, misma que firmaron los representantes de cada instituci\u00f3n. Igualmente se comparti\u00f3 un documento sobre estructura y experiencias de la red&nbsp;SINAPUCE&nbsp;en Ecuador. Las escuelas participantes fueron: Departamento de Artes &amp; Design,&nbsp;Pontificia Universidad Cat\u00f3lica de Rio de Janeiro,&hellip;&nbsp;Leer m\u00e1s &raquo;I Encuentro","og_url":"https:\/\/ausjal.diseno.ibero.mx\/index.php\/home-2\/i-encuentro\/","og_site_name":"Red de Escuelas de Dise\u00f1o AUSJAL","article_modified_time":"2022-06-24T17:04:01+00:00","twitter_card":"summary_large_image","twitter_misc":{"Tiempo de lectura":"1 minuto"},"schema":{"@context":"https:\/\/schema.org","@graph":[{"@type":"WebPage","@id":"https:\/\/ausjal.diseno.ibero.mx\/index.php\/home-2\/i-encuentro\/","url":"https:\/\/ausjal.diseno.ibero.mx\/index.php\/home-2\/i-encuentro\/","name":"I Encuentro - Red de Escuelas de Dise\u00f1o AUSJAL","isPartOf":{"@id":"https:\/\/ausjal.diseno.ibero.mx\/#website"},"datePublished":"2021-11-08T18:30:48+00:00","dateModified":"2022-06-24T17:04:01+00:00","breadcrumb":{"@id":"https:\/\/ausjal.diseno.ibero.mx\/index.php\/home-2\/i-encuentro\/#breadcrumb"},"inLanguage":"es","potentialAction":[{"@type":"ReadAction","target":["https:\/\/ausjal.diseno.ibero.mx\/index.php\/home-2\/i-encuentro\/"]}]},{"@type":"BreadcrumbList","@id":"https:\/\/ausjal.diseno.ibero.mx\/index.php\/home-2\/i-encuentro\/#breadcrumb","itemListElement":[{"@type":"ListItem","position":1,"name":"Inicio","item":"https:\/\/ausjal.diseno.ibero.mx\/"},{"@type":"ListItem","position":2,"name":"Red de Escuelas de Dise\u00f1o AUSJAL","item":"https:\/\/ausjal.diseno.ibero.mx\/?page_id=222"},{"@type":"ListItem","position":3,"name":"I Encuentro"}]},{"@type":"WebSite","@id":"https:\/\/ausjal.diseno.ibero.mx\/#website","url":"https:\/\/ausjal.diseno.ibero.mx\/","name":"Red de Escuelas de Dise\u00f1o AUSJAL","description":"Dise\u00f1o AUSJAL","potentialAction":[{"@type":"SearchAction","target":{"@type":"EntryPoint","urlTemplate":"https:\/\/ausjal.diseno.ibero.mx\/?s={search_term_string}"},"query-input":{"@type":"PropertyValueSpecification","valueRequired":true,"valueName":"search_term_string"}}],"inLanguage":"es"}]}},"_links":{"self":[{"href":"https:\/\/ausjal.diseno.ibero.mx\/index.php\/wp-json\/wp\/v2\/pages\/193","targetHints":{"allow":["GET"]}}],"collection":[{"href":"https:\/\/ausjal.diseno.ibero.mx\/index.php\/wp-json\/wp\/v2\/pages"}],"about":[{"href":"https:\/\/ausjal.diseno.ibero.mx\/index.php\/wp-json\/wp\/v2\/types\/page"}],"author":[{"embeddable":true,"href":"https:\/\/ausjal.diseno.ibero.mx\/index.php\/wp-json\/wp\/v2\/users\/1"}],"replies":[{"embeddable":true,"href":"https:\/\/ausjal.diseno.ibero.mx\/index.php\/wp-json\/wp\/v2\/comments?post=193"}],"version-history":[{"count":6,"href":"https:\/\/ausjal.diseno.ibero.mx\/index.php\/wp-json\/wp\/v2\/pages\/193\/revisions"}],"predecessor-version":[{"id":252,"href":"https:\/\/ausjal.diseno.ibero.mx\/index.php\/wp-json\/wp\/v2\/pages\/193\/revisions\/252"}],"up":[{"embeddable":true,"href":"https:\/\/ausjal.diseno.ibero.mx\/index.php\/wp-json\/wp\/v2\/pages\/222"}],"wp:attachment":[{"href":"https:\/\/ausjal.diseno.ibero.mx\/index.php\/wp-json\/wp\/v2\/media?parent=193"}],"curies":[{"name":"wp","href":"https:\/\/api.w.org\/{rel}","templated":true}]}}